{"id":3494,"date":"2022-11-04T14:25:01","date_gmt":"2022-11-04T13:25:01","guid":{"rendered":"https:\/\/noonsong.de\/imprint-site-notice\/"},"modified":"2025-07-19T15:53:27","modified_gmt":"2025-07-19T13:53:27","slug":"imprint-site-notice","status":"publish","type":"page","link":"https:\/\/noonsong.de\/en\/imprint-site-notice\/","title":{"rendered":"Imprint | Site Notice"},"content":{"rendered":"<p>[et_pb_section fb_built=&#8221;1&#8243; _builder_version=&#8221;4.19.0&#8243; _module_preset=&#8221;default&#8221; global_colors_info=&#8221;{}&#8221;][et_pb_row _builder_version=&#8221;4.19.0&#8243; _module_preset=&#8221;default&#8221; global_colors_info=&#8221;{}&#8221;][et_pb_column type=&#8221;4_4&#8243; _builder_version=&#8221;4.19.0&#8243; _module_preset=&#8221;default&#8221; global_colors_info=&#8221;{}&#8221;][\/et_pb_column][\/et_pb_row][\/et_pb_section][et_pb_section fb_built=&#8221;1&#8243; _builder_version=&#8221;4.18.0&#8243; _module_preset=&#8221;default&#8221; global_colors_info=&#8221;{}&#8221;][et_pb_row _builder_version=&#8221;4.18.0&#8243; _module_preset=&#8221;default&#8221; custom_padding=&#8221;||13px|||&#8221; global_colors_info=&#8221;{}&#8221;][et_pb_column type=&#8221;4_4&#8243; _builder_version=&#8221;4.18.0&#8243; _module_preset=&#8221;default&#8221; global_colors_info=&#8221;{}&#8221;][et_pb_text _builder_version=&#8221;4.19.0&#8243; _module_preset=&#8221;default&#8221; header_font=&#8221;||||||||&#8221; global_colors_info=&#8221;{}&#8221;]<\/p>\n<h1>IMPRINT | SITE NOTCE<\/h1>\n<p>[\/et_pb_text][et_pb_text _builder_version=&#8221;4.27.4&#8243; _module_preset=&#8221;default&#8221; custom_margin=&#8221;50px||50px||true|&#8221; global_colors_info=&#8221;{}&#8221;]<\/p>\n<p>NoonSong e.V.<br \/>Nassauische Stra\u00dfe 66<br \/>10717 Berlin<\/p>\n<p><strong>Represented by:<\/strong><br \/>Stefan Schuck<\/p>\n<h2>Contact<\/h2>\n<p>Phone: +49 30 684 00 455<br \/>E-Mail: contact (at) noonsong.de<\/p>\n<h2>Non-profit status<\/h2>\n<p>Der NoonSong e.V. ist wegen F\u00f6rderung kultureller Zwecke durch Bescheinigung des Finanzamtes f\u00fcr K\u00f6rperschaften I Berlin, Steuer-Nummer 27\/673\/54727 vom 8.8.2023 als gemeinn\u00fctzig anerkannt.<\/p>\n<h2>Person responsible for editorial<\/h2>\n<p>Stefan Schuck<\/p>\n<h2>Dispute resolution proceedings in front of a consumer arbitration board<\/h2>\n<p>We are not willing or obliged to participate in dispute resolution proceedings in front of a consumer arbitration board.<\/p>\n<p>[\/et_pb_text][\/et_pb_column][\/et_pb_row][et_pb_row _builder_version=&#8221;4.27.4&#8243; _module_preset=&#8221;default&#8221; global_colors_info=&#8221;{}&#8221;][et_pb_column type=&#8221;4_4&#8243; _builder_version=&#8221;4.27.4&#8243; _module_preset=&#8221;default&#8221; global_colors_info=&#8221;{}&#8221;][et_pb_text _builder_version=&#8221;4.20.2&#8243; _module_preset=&#8221;default&#8221; custom_margin=&#8221;50px||50px||true|&#8221; global_colors_info=&#8221;{}&#8221;]<\/p>\n<h2>ADDITIONAL INFORMATION<\/h2>\n<p>Image sources: NoonSong, Canva<\/p>\n<p>This website was created by <a href=\"https:\/\/manuelastrehober.de\/\" target=\"_blank\" rel=\"noopener\">MANUELA STREHOBER | WEBDESIGN.<\/a><\/p>\n<p>[\/et_pb_text][\/et_pb_column][\/et_pb_row][\/et_pb_section]<\/p>\n","protected":false},"excerpt":{"rendered":"<p>IMPRINT | SITE NOTCENoonSong e.V.Nassauische Stra\u00dfe 6610717 Berlin Represented by:Stefan Schuck Contact Phone: +49 30 684 00 455E-Mail: contact (at) noonsong.de Non-profit status Der NoonSong e.V. ist wegen F\u00f6rderung kultureller [&hellip;]<\/p>\n","protected":false},"author":3,"featured_media":0,"parent":0,"menu_order":0,"comment_status":"closed","ping_status":"closed","template":"","meta":{"_et_pb_use_builder":"on","_et_pb_old_content":"","_et_gb_content_width":"","footnotes":""},"class_list":["post-3494","page","type-page","status-publish","hentry"],"acf":[],"_links":{"self":[{"href":"https:\/\/noonsong.de\/en\/wp-json\/wp\/v2\/pages\/3494","targetHints":{"allow":["GET"]}}],"collection":[{"href":"https:\/\/noonsong.de\/en\/wp-json\/wp\/v2\/pages"}],"about":[{"href":"https:\/\/noonsong.de\/en\/wp-json\/wp\/v2\/types\/page"}],"author":[{"embeddable":true,"href":"https:\/\/noonsong.de\/en\/wp-json\/wp\/v2\/users\/3"}],"replies":[{"embeddable":true,"href":"https:\/\/noonsong.de\/en\/wp-json\/wp\/v2\/comments?post=3494"}],"version-history":[{"count":7,"href":"https:\/\/noonsong.de\/en\/wp-json\/wp\/v2\/pages\/3494\/revisions"}],"predecessor-version":[{"id":57627,"href":"https:\/\/noonsong.de\/en\/wp-json\/wp\/v2\/pages\/3494\/revisions\/57627"}],"wp:attachment":[{"href":"https:\/\/noonsong.de\/en\/wp-json\/wp\/v2\/media?parent=3494"}],"curies":[{"name":"wp","href":"https:\/\/api.w.org\/{rel}","templated":true}]}}